{"id":4228,"date":"2025-12-30T20:36:27","date_gmt":"2025-12-30T20:36:27","guid":{"rendered":"https:\/\/www.kioui.store\/?post_type=product&#038;p=4228"},"modified":"2026-01-08T20:19:51","modified_gmt":"2026-01-08T20:19:51","slug":"1000-timeless-classic-famous-novels-in-digital-format","status":"publish","type":"product","link":"https:\/\/www.kioui.store\/fr\/produit\/1000-timeless-classic-famous-novels-in-digital-format\/","title":{"rendered":"1000 romans classiques et c\u00e9l\u00e8bres intemporels au format num\u00e9rique"},"content":{"rendered":"<table width=\"934\">\n<tbody>\n<tr>\n<td width=\"447\">Covering popular genres like Romance, Mystery, Fantasy, Science Fiction, Thrillers, Horror, Young Adult, Inspirational, Religious, Memoir and many more!<\/p>\n<p>\u2022 Each of the 1,000 novels have been scanned and fully converted to digital format.<br \/>\n\u2022 Every novel come with full editability in Word format, so they can be, if you wish completely customized.<br \/>\n\u2022 All novels are 100% copyright free, plus come with unrestricted PLR (Private Label Rights).<\/p>\n<p>The possibilities for resale and profit are MASSIVE, convert them into Kindle, resell in hard copy, resell, sell just the PDF version, edit and redistribute, package and sell them in genres or categories, the possibilities are endless!<\/p>\n<p>? All the novel\u2019s chapters belong to the public domain, and anyone can use, repurpose them, and profit from them.<\/p>\n<p>? You could of course download each novel ONE AT A TIME, convert them to editable and useable formats but just to do it this way for let\u2019s say 10 would take you in excess of 4 hours, now times that by the 1,000 I have on offer for you here already to go!<\/p>\n<p>? ALL 1,000 novels come with a cover image and a FULL clickable index already built in.<\/p>\n<p>? Throughout each novel in the text are links directly to Wikipedia should any reader not know what a word, content, item or character is, it\u2019s like having your own Google right inside each novel.<\/p>\n<p>This complete package is packed with 1000 TIMELESS CLASSICS, scanned into digital format over countless hours, each of them editable with fully customizable word file so you can customize and rebrand as needed.<\/p>\n<p>? And remember they Are All 100% Copyright Free and Come with Full Unrestricted PLR.<br \/>\n? All the hard, dirty work has been done for you saving you 100\u2019s of hours attempting to do this yourself.<\/p>\n<p>? SO WHAT COULD YOU DO WITH 1,000 COMPLETE, UNRESTRICTED NOVELS: ?<br \/>\n\u2022 Reuse them to create new eNovel.<br \/>\n\u2022 Print them to create hard copy version of novel.<br \/>\n\u2022 Convert them into audio novel.<br \/>\n\u2022 Create a novel membership site!<br \/>\n\u2022 Create on demand printing service for these novels.<br \/>\n\u2022 Categorize them and resell them based on genre!<br \/>\n\u2022 Make it unique by converting them into story-based audio novel.<br \/>\n\u2022 Create a membership that focus on kids\u2019 classic novel or ANY genre that you like!<br \/>\n\u2022 Reuse the contents and convert into short story-based novel.<br \/>\n\u2022 Create slideshow-based story from the novel.<br \/>\n\u2022 And so many more!<\/p>\n<p>These are just a few examples of what you can do with these timeless classic novels.<\/p>\n<p>The possibilities are endless! The best part is all of these can be yours for a very low one-time price!<\/p>\n<p>? What file format will I receive with each novel ?<br \/>\nEach novel is included with fully customizable word file and PDF version.<\/p>\n<p>? How can each file type be opened ?<br \/>\n\u2022 Word docs can be opened with Microsoft Word (most versions) or free open office versions.<br \/>\n\u2022 PDF files can be opened with Adobe FREE PDF reader or any other FREEPDF readers.<br \/>\n\u2022 EPUB files can be viewed with a FREE viewer which I will include + links to others.<br \/>\n\u2022 AZW3 files can be viewed with a FREE viewer which I will include + links to others.<br \/>\n? Is the novel fully customizable ?<br \/>\nFully customizable word file is included so you can customize or brand whichever way you want.<\/p>\n<p>? How many novels are there in the download bundle ?<br \/>\nThere are total of 1000 novels in the bundle.<\/p>\n<p>? How will I receive my order ?<br \/>\nAfter your order has been processed an email with a file containing the links to your files (ZIP FILES FORMAT) and instructions will be automatically sent to your email, please check your email spam folder encase your email provider placed it in there.<\/p>\n<p>?Your PLR License Rights:<br \/>\nPlease read below carefully for what you can and cannot do with this product.<br \/>\n* You CAN rebrand the Product and resell it under your own brand.<br \/>\n* You CAN add the Product as a bonus to your existing product.<br \/>\n* You CAN use the product for affiliate promotion.<br \/>\n* You CAN add, mix and match the Product with other products and resell it.<br \/>\n* You CAN sell the files individually or as a package.<br \/>\n* You CAN add this product to a niche paid membership site like novel membership site that is NOT specializing in distributing PLR or Resell Rights.<br \/>\n? You CANNOT sell or distribute this product across platforms like WarriorPlus, JVZoo or Clickbank.<br \/>\n? You CANNOT sell or distribute this product across free or paid membership site that specialized in distributing PLR or Resell Rights products.<\/p>\n<p>&nbsp;<\/td>\n<\/tr>\n<\/tbody>\n<\/table>","protected":false},"excerpt":{"rendered":"<table width=\"934\">\n<tbody>\n<tr>\n<td width=\"93\"><strong>PLR 100% libre de droits<\/strong><\/p>\n<p>&nbsp;<\/td>\n<\/tr>\n<\/tbody>\n<\/table>","protected":false},"featured_media":4238,"comment_status":"open","ping_status":"closed","template":"","meta":[],"product_brand":[],"product_cat":[15],"product_tag":[],"class_list":{"0":"post-4228","1":"product","2":"type-product","3":"status-publish","4":"has-post-thumbnail","6":"product_cat-all-products","8":"first","9":"instock","10":"sale","11":"downloadable","12":"virtual","13":"purchasable","14":"product-type-simple"},"_links":{"self":[{"href":"https:\/\/www.kioui.store\/fr\/wp-json\/wp\/v2\/product\/4228","targetHints":{"allow":["GET"]}}],"collection":[{"href":"https:\/\/www.kioui.store\/fr\/wp-json\/wp\/v2\/product"}],"about":[{"href":"https:\/\/www.kioui.store\/fr\/wp-json\/wp\/v2\/types\/product"}],"replies":[{"embeddable":true,"href":"https:\/\/www.kioui.store\/fr\/wp-json\/wp\/v2\/comments?post=4228"}],"wp:featuredmedia":[{"embeddable":true,"href":"https:\/\/www.kioui.store\/fr\/wp-json\/wp\/v2\/media\/4238"}],"wp:attachment":[{"href":"https:\/\/www.kioui.store\/fr\/wp-json\/wp\/v2\/media?parent=4228"}],"wp:term":[{"taxonomy":"product_brand","embeddable":true,"href":"https:\/\/www.kioui.store\/fr\/wp-json\/wp\/v2\/product_brand?post=4228"},{"taxonomy":"product_cat","embeddable":true,"href":"https:\/\/www.kioui.store\/fr\/wp-json\/wp\/v2\/product_cat?post=4228"},{"taxonomy":"product_tag","embeddable":true,"href":"https:\/\/www.kioui.store\/fr\/wp-json\/wp\/v2\/product_tag?post=4228"}],"curies":[{"name":"wp","href":"https:\/\/api.w.org\/{rel}","templated":true}]}}